{"id":6899,"date":"2021-05-03T07:52:09","date_gmt":"2021-05-03T11:52:09","guid":{"rendered":"https:\/\/www.formation-plomberie-chauffage.com\/?page_id=6899"},"modified":"2023-04-07T08:19:00","modified_gmt":"2023-04-07T12:19:00","slug":"accueil-2021","status":"publish","type":"page","link":"https:\/\/www.formation-plomberie-chauffage.com\/","title":{"rendered":"Accueil"},"content":{"rendered":"<p>[vc_row full_width=\u00a0\u00bbstretch_row\u00a0\u00bb content_placement=\u00a0\u00bbmiddle\u00a0\u00bb css=\u00a0\u00bb.vc_custom_1620760206787{margin-bottom: 4% !important;padding-top: 9% !important;background-image: url(https:\/\/www.formation-plomberie-chauffage.com\/wp-content\/uploads\/2021\/05\/Header-1.jpg?id=7033) !important;background-position: center !important;background-repeat: no-repeat !important;background-size: cover !important;}\u00a0\u00bb][vc_column width=\u00a0\u00bb1\/3&Prime; css=\u00a0\u00bb.vc_custom_1620087784794{background-position: center !important;background-repeat: no-repeat !important;background-size: cover !important;}\u00a0\u00bb][\/vc_column][vc_column width=\u00a0\u00bb1\/3&Prime; css=\u00a0\u00bb.vc_custom_1620759894976{margin-top: 10% !important;margin-bottom: -10% !important;}\u00a0\u00bb][vc_single_image image=\u00a0\u00bb7099&Prime; img_size=\u00a0\u00bbfull\u00a0\u00bb alignment=\u00a0\u00bbcenter\u00a0\u00bb css=\u00a0\u00bb.vc_custom_1620759848926{margin-top: 4% !important;margin-bottom: -6% !important;padding-bottom: 2% !important;}\u00a0\u00bb][vc_video link=\u00a0\u00bbhttp:\/\/vimeo.com\/190125240&Prime; el_width=\u00a0\u00bb70&Prime; css=\u00a0\u00bb.vc_custom_1620760224967{margin-top: -10% !important;padding-top: 8% !important;padding-bottom: 22% !important;}\u00a0\u00bb][\/vc_column][vc_column width=\u00a0\u00bb1\/3&Prime;][\/vc_column][\/vc_row][vc_row css=\u00a0\u00bb.vc_custom_1620759135273{padding-top: 100px !important;}\u00a0\u00bb][vc_column][vc_column_text]<\/p>\n<p style=\"text-align: center; line-height: 40px;\"><span style=\"font-family: 'Montserrat', sans-serif; font-weight: 400; font-size: 48px; text-align: center; color: #1c2c59; text-transform: uppercase;\">pr\u00e9parez-vous \u00e0 ces examens<span style=\"font-weight: bold;\"><br \/>\n<span>avec nos formations : <\/span><\/span><\/span><\/p>\n<p>[\/vc_column_text][vc_row_inner equal_height=\u00a0\u00bbyes\u00a0\u00bb content_placement=\u00a0\u00bbmiddle\u00a0\u00bb][vc_column_inner width=\u00a0\u00bb1\/3&Prime;][vc_column_text css=\u00a0\u00bb.vc_custom_1620753309732{padding-top: 80px !important;padding-right: 50px !important;padding-bottom: 80px !important;padding-left: 50px !important;background-color: #f6f6f6 !important;background-position: center !important;background-repeat: no-repeat !important;background-size: contain !important;}\u00a0\u00bb]<\/p>\n<p style=\"text-align: center; line-height: 30px;\"><span style=\"font-family: 'Montserrat', sans-serif; font-size: 24px; color: #1c2c59; font-weight: 600;\">L&rsquo;examen compagnon<br \/>\nen plomberie et\/ou en chauffage<br \/>\nde la CCQ et Emploi-Qu\u00e9bec<\/span><\/p>\n<p>[\/vc_column_text][\/vc_column_inner][vc_column_inner width=\u00a0\u00bb1\/3&Prime;][vc_column_text css=\u00a0\u00bb.vc_custom_1620821485488{padding-top: 80px !important;padding-right: 50px !important;padding-bottom: 80px !important;padding-left: 50px !important;background-color: #f6f6f6 !important;background-position: center !important;background-repeat: no-repeat !important;background-size: contain !important;}\u00a0\u00bb]<\/p>\n<p style=\"text-align: center; line-height: 30px;\"><span style=\"font-family: 'Montserrat', sans-serif; font-size: 24px; color: #1c2c59; font-weight: 600;\">Les 3 examens d&rsquo;administration<br \/>\nde la RBQ, soit\u00a0:<br \/>\n<\/span><\/p>\n<ul style=\"font-family: 'Montserrat', sans-serif; font-size: 20px; color: #1c2c59; font-weight: 500; text-align: center; line-height: 30px;\">\n<li style=\"color: #1c2c59;\"><span style=\"color: #1c2c59;\">gestion de projet<\/span><\/li>\n<li style=\"color: #1c2c59;\"><span style=\"color: #1c2c59;\">s\u00e9curit\u00e9<\/span><\/li>\n<li style=\"color: #1c2c59;\"><span style=\"color: #1c2c59;\">administration<\/span><\/li>\n<\/ul>\n<p>[\/vc_column_text][\/vc_column_inner][vc_column_inner width=\u00a0\u00bb1\/3&Prime;][vc_column_text css=\u00a0\u00bb.vc_custom_1620821824113{padding-top: 80px !important;padding-right: 50px !important;padding-bottom: 80px !important;padding-left: 50px !important;background-color: #f6f6f6 !important;background-position: center !important;background-repeat: no-repeat !important;background-size: contain !important;}\u00a0\u00bb]<\/p>\n<p style=\"text-align: center; line-height: 30px;\"><span style=\"font-family: 'Montserrat', sans-serif; font-size: 24px; color: #1c2c59; font-weight: 600;\">L&rsquo;examen<br \/>\nde la licence 15.5<br \/>\n<em>(plomberie)<\/em> de la CMMTQ<\/span><\/p>\n<p>[\/vc_column_text][\/vc_column_inner][\/vc_row_inner][\/vc_column][\/vc_row][vc_row css=\u00a0\u00bb.vc_custom_1620754729229{padding-top: 0px !important;}\u00a0\u00bb][vc_column]<div class=\"fullsize fullsize-background notopborder nobottomborder  header_acc\" style=\" \">[vc_column_text css=\u00a0\u00bb.vc_custom_1620755345289{margin-top: -80px !important;margin-bottom: 70px !important;padding-bottom: 20px !important;}\u00a0\u00bb]<\/p>\n<p style=\"text-align: center;\">Voir les d\u00e9tails dans les onglets des formations qui correspondent \u00e0 votre profil.<\/p>\n<p>[\/vc_column_text][vc_column_text]<\/p>\n<p style=\"text-align: center;\"><span style=\"font-family: 'Montserrat', sans-serif; font-weight: 400; font-size: 36px; text-align: center; color: #1c2c59; line-height: 46px;\">Choisissez votre formation et<br \/>\n<span style=\"font-weight: bold; text-transform: uppercase;\">commencez d\u00e8s maintenant\u00a0!<\/span><\/span><\/p>\n<p>[\/vc_column_text][vc_row_inner el_class=\u00a0\u00bbcontainer\u00a0\u00bb][vc_column_inner width=\u00a0\u00bb1\/3&Prime;]<img loading=\"lazy\" decoding=\"async\" src=\"https:\/\/www.formation-plomberie-chauffage.com\/wp-content\/uploads\/2015\/05\/Formation-plomberie.png\" class=\"img-responsive    \" alt=\"\" width=\"692\" height=\"452\">[vc_btn title=\u00a0\u00bbFormation Plomberie\u00a0\u00bb style=\u00a0\u00bb3d\u00a0\u00bb shape=\u00a0\u00bbsquare\u00a0\u00bb color=\u00a0\u00bbgreen\u00a0\u00bb size=\u00a0\u00bblg\u00a0\u00bb align=\u00a0\u00bbcenter\u00a0\u00bb button_block=\u00a0\u00bbtrue\u00a0\u00bb css=\u00a0\u00bb.vc_custom_1476469600367{padding-top: 0px !important;padding-bottom: 0px !important;}\u00a0\u00bb link=\u00a0\u00bburl:https%3A%2F%2Fwww.formation-plomberie-chauffage.com%2F%3Fpage_id%3D31|||\u00a0\u00bb][vc_custom_heading text=\u00a0\u00bbTaux de r\u00e9ussite : 98%\u00a0\u00bb font_container=\u00a0\u00bbtag:h3|font_size:24|text_align:center|color:%231c2c59&Prime; google_fonts=\u00a0\u00bbfont_family:Montserrat%3Aregular%2C700|font_style:700%20bold%20regular%3A700%3Anormal\u00a0\u00bb][\/vc_column_inner][vc_column_inner width=\u00a0\u00bb1\/3&Prime;]<img loading=\"lazy\" decoding=\"async\" src=\"https:\/\/www.formation-plomberie-chauffage.com\/wp-content\/uploads\/2015\/05\/Formation-chauffage.png\" class=\"img-responsive    \" alt=\"\" width=\"692\" height=\"456\">[vc_btn title=\u00a0\u00bbFormation Chauffage\u00a0\u00bb style=\u00a0\u00bb3d\u00a0\u00bb shape=\u00a0\u00bbsquare\u00a0\u00bb color=\u00a0\u00bbsuccess\u00a0\u00bb size=\u00a0\u00bblg\u00a0\u00bb align=\u00a0\u00bbcenter\u00a0\u00bb button_block=\u00a0\u00bbtrue\u00a0\u00bb css=\u00a0\u00bb.vc_custom_1476469621538{padding-top: 0px !important;padding-bottom: 0px !important;}\u00a0\u00bb link=\u00a0\u00bburl:https%3A%2F%2Fwww.formation-plomberie-chauffage.com%2F%3Fpage_id%3D424|||\u00a0\u00bb][vc_custom_heading text=\u00a0\u00bbTaux de r\u00e9ussite : 93%\u00a0\u00bb font_container=\u00a0\u00bbtag:h3|font_size:24|text_align:center|color:%231c2c59&Prime; google_fonts=\u00a0\u00bbfont_family:Montserrat%3Aregular%2C700|font_style:700%20bold%20regular%3A700%3Anormal\u00a0\u00bb][\/vc_column_inner][vc_column_inner width=\u00a0\u00bb1\/3&Prime;]<img loading=\"lazy\" decoding=\"async\" src=\"https:\/\/www.formation-plomberie-chauffage.com\/wp-content\/uploads\/2015\/05\/Formation-entrepreneur.png\" class=\"img-responsive    \" alt=\"\" width=\"698\" height=\"450\">[vc_btn title=\u00a0\u00bbFormation Entrepreneur\u00a0\u00bb style=\u00a0\u00bb3d\u00a0\u00bb shape=\u00a0\u00bbsquare\u00a0\u00bb color=\u00a0\u00bbturquoise\u00a0\u00bb size=\u00a0\u00bblg\u00a0\u00bb align=\u00a0\u00bbcenter\u00a0\u00bb button_block=\u00a0\u00bbtrue\u00a0\u00bb css=\u00a0\u00bb.vc_custom_1476469635347{padding-top: 0px !important;padding-bottom: 0px !important;}\u00a0\u00bb link=\u00a0\u00bburl:https%3A%2F%2Fwww.formation-plomberie-chauffage.com%2F%3Fpage_id%3D426|||\u00a0\u00bb][vc_custom_heading text=\u00a0\u00bbTaux de r\u00e9ussite : 98%\u00a0\u00bb font_container=\u00a0\u00bbtag:h3|font_size:24|text_align:center|color:%231c2c59&Prime; google_fonts=\u00a0\u00bbfont_family:Montserrat%3Aregular%2C700|font_style:700%20bold%20regular%3A700%3Anormal\u00a0\u00bb][\/vc_column_inner][\/vc_row_inner]<\/div><script>\r\n\t\t\tjQuery(function(){\r\n\t\t\t\tjQuery(\"#ytvideo2325\").mb_YTPlayer();\r\n\t\t\t});\r\n\t\t\t<\/script>[\/vc_column][\/vc_row][vc_row css=\u00a0\u00bb.vc_custom_1620754624039{margin-top: 20px !important;}\u00a0\u00bb][vc_column]<div class=\"fullsize fullsize-background notopborder nobottomborder  \" style=\" background-color:#e9f1f4 !important;  padding-top:40px !Important;  padding-bottom:40px !Important\">[vc_row_inner el_class=\u00a0\u00bbcontainer\u00a0\u00bb][vc_column_inner]<div class=\"large-call-to-action clearfix cblock1  cross-section\">\r\n\t\t\t\t\t<div class=\"image\" style=\"background-image: url(https:\/\/www.formation-plomberie-chauffage.com\/wp-content\/uploads\/2019\/11\/image.png);\"><\/div>\r\n\t\t\t\t\t<div class=\"content\">\r\n\t\t\t\t\t\t<h1>Pierre dub\u00e9, votre enseignant<\/h1>\r\n\t\t\t\t\t\t<p><span style=\"color: #ffffff;\">Avec plus de 20 ans d&rsquo;exp\u00e9rience dans l&rsquo;enseignement de la plomberie-chauffage, Pierre Dub\u00e9 est un enseignant du DEP comp\u00e9tent et exp\u00e9riment\u00e9. Depuis 2002, il aide les apprentis et plombiers, \u00e0 pr\u00e9parer les examens de plomberie et de chauffage de la CCQ, d&rsquo;Emploi-Qu\u00e9bec et de la CMMTQ avec un taux de r\u00e9ussite tr\u00e8s \u00e9lev\u00e9. En tant qu&rsquo;enseignant et consultant agr\u00e9\u00e9 par la C.P.M.T., il poss\u00e8de les comp\u00e9tences n\u00e9cessaires pour guider les apprenants vers l&rsquo;excellence. Ne manquez pas l&rsquo;opportunit\u00e9 de b\u00e9n\u00e9ficier de ses connaissances et de son expertise en rejoignant ses cours de formation sur ce site web.<\/span><\/p>\r\n\t\t\t\t\t\t<p class=\"button-list\"><a href=\"https:\/\/www.formation-plomberie-chauffage.com\/?page_id=14\" class=\"button solid red\">Contactez-Moi<\/a><\/p>\r\n\t\t\t\t\t<\/div>\r\n\t\t\t\t<\/div>[\/vc_column_inner][\/vc_row_inner]<\/div><script>\r\n\t\t\tjQuery(function(){\r\n\t\t\t\tjQuery(\"#ytvideo44879\").mb_YTPlayer();\r\n\t\t\t});\r\n\t\t\t<\/script>[\/vc_column][\/vc_row][vc_row full_width=\u00a0\u00bbstretch_row_content\u00a0\u00bb css=\u00a0\u00bb.vc_custom_1620753212460{padding-top: 0px !important;}\u00a0\u00bb][vc_column width=\u00a0\u00bb1\/3&Prime;][\/vc_column][vc_column width=\u00a0\u00bb1\/3&Prime;][\/vc_column][vc_column width=\u00a0\u00bb1\/3&Prime;][\/vc_column][\/vc_row]<\/p>\n","protected":false},"excerpt":{"rendered":"<p>[vc_row full_width=\u00a0\u00bbstretch_row\u00a0\u00bb content_placement=\u00a0\u00bbmiddle\u00a0\u00bb css=\u00a0\u00bb.vc_custom_1620760206787{margin-bottom: 4% !important;padding-top: 9% !important;background-image: url(https:\/\/www.formation-plomberie-chauffage.com\/wp-content\/uploads\/2021\/05\/Header-1.jpg?id=7033) !important;background-position: center !important;background-repeat: no-repeat !important;background-size: cover !important;}\u00a0\u00bb][vc_column width=\u00a0\u00bb1\/3&Prime; css=\u00a0\u00bb.vc_custom_1620087784794{background-position: center !important;background-repeat: no-repeat !important;background-size: cover !important;}\u00a0\u00bb][\/vc_column][vc_column width=\u00a0\u00bb1\/3&Prime; css=\u00a0\u00bb.vc_custom_1620759894976{margin-top: 10% !important;margin-bottom: -10% !important;}\u00a0\u00bb][vc_single_image image=\u00a0\u00bb7099&Prime; img_size=\u00a0\u00bbfull\u00a0\u00bb alignment=\u00a0\u00bbcenter\u00a0\u00bb css=\u00a0\u00bb.vc_custom_1620759848926{margin-top: 4% !important;margin-bottom: -6% !important;padding-bottom: 2% !important;}\u00a0\u00bb][vc_video link=\u00a0\u00bbhttp:\/\/vimeo.com\/190125240&Prime; el_width=\u00a0\u00bb70&Prime; css=\u00a0\u00bb.vc_custom_1620760224967{margin-top: -10% !important;padding-top: 8% !important;padding-bottom: 22% !important;}\u00a0\u00bb][\/vc_column][vc_column width=\u00a0\u00bb1\/3&Prime;][\/vc_column][\/vc_row][vc_row css=\u00a0\u00bb.vc_custom_1620759135273{padding-top: 100px !important;}\u00a0\u00bb][vc_column][vc_column_text] pr\u00e9parez-vous \u00e0 [&hellip;]<\/p>\n","protected":false},"author":24,"featured_media":0,"parent":0,"menu_order":0,"comment_status":"closed","ping_status":"closed","template":"homepage-template.php","meta":{"footnotes":""},"class_list":["post-6899","page","type-page","status-publish","hentry"],"_links":{"self":[{"href":"https:\/\/www.formation-plomberie-chauffage.com\/index.php?rest_route=\/wp\/v2\/pages\/6899","targetHints":{"allow":["GET"]}}],"collection":[{"href":"https:\/\/www.formation-plomberie-chauffage.com\/index.php?rest_route=\/wp\/v2\/pages"}],"about":[{"href":"https:\/\/www.formation-plomberie-chauffage.com\/index.php?rest_route=\/wp\/v2\/types\/page"}],"author":[{"embeddable":true,"href":"https:\/\/www.formation-plomberie-chauffage.com\/index.php?rest_route=\/wp\/v2\/users\/24"}],"replies":[{"embeddable":true,"href":"https:\/\/www.formation-plomberie-chauffage.com\/index.php?rest_route=%2Fwp%2Fv2%2Fcomments&post=6899"}],"version-history":[{"count":129,"href":"https:\/\/www.formation-plomberie-chauffage.com\/index.php?rest_route=\/wp\/v2\/pages\/6899\/revisions"}],"predecessor-version":[{"id":9091,"href":"https:\/\/www.formation-plomberie-chauffage.com\/index.php?rest_route=\/wp\/v2\/pages\/6899\/revisions\/9091"}],"wp:attachment":[{"href":"https:\/\/www.formation-plomberie-chauffage.com\/index.php?rest_route=%2Fwp%2Fv2%2Fmedia&parent=6899"}],"curies":[{"name":"wp","href":"https:\/\/api.w.org\/{rel}","templated":true}]}}