{"id":424,"date":"2016-09-15T19:16:24","date_gmt":"2016-09-15T19:16:24","guid":{"rendered":"http:\/\/www.formation-plomberie-chauffage.com\/?page_id=424"},"modified":"2025-05-09T14:30:09","modified_gmt":"2025-05-09T18:30:09","slug":"formation-chauffage","status":"publish","type":"page","link":"https:\/\/www.formation-plomberie-chauffage.com\/?page_id=424","title":{"rendered":"Formation Chauffage"},"content":{"rendered":"<p>[vc_row newlayout=\u00a0\u00bbFixed\u00a0\u00bb css=\u00a0\u00bb.vc_custom_1431950802762{margin-bottom: 0px !important;}\u00a0\u00bb][vc_column width=\u00a0\u00bb1\/2&Prime;][vc_custom_heading text=\u00a0\u00bbUn taux de r\u00e9ussite de 93%\u00a0\u00bb font_container=\u00a0\u00bbtag:h2|font_size:32|text_align:left|color:%233088cd\u00a0\u00bb use_theme_fonts=\u00a0\u00bbyes\u00a0\u00bb]<div class=\"test-shotcode-single testimonial   test_formation\"><img loading=\"lazy\" decoding=\"async\" class=\"pull-left\" src=\"https:\/\/www.formation-plomberie-chauffage.com\/wp-content\/uploads\/2019\/10\/Kevin-Fortin.png\" alt=\"K\u00e9vin Fortin\" width=\"110\" height=\"100\" \/>\r\n\t\t\t\t\t\t\t\t\t\t\t<h5>K\u00e9vin Fortin<\/h5>\r\n\t\t\t\t\t\t\t\t\t\t\t<p>J&rsquo;ai r\u00e9ussi mon examen d&rsquo;entrepreneur gr\u00e2ce \u00e0 toi Pierre. Tu es un tr\u00e8s bon prof!<\/p><\/div>[vc_column_text]<\/p>\n<p style=\"text-align: left;\"><span style=\"text-decoration: underline;\"><span style=\"color: #000000;\"><a href=\"http:\/\/www.formation-plomberie-chauffage.com\/?page_id=193\" style=\"color: #000000;\"><em>Voir tous les t\u00e9moignages<\/em><\/a><\/span><\/span><\/p>\n<p>[\/vc_column_text][\/vc_column][vc_column width=\u00a0\u00bb1\/2&Prime;][vc_tta_accordion style=\u00a0\u00bbflat\u00a0\u00bb shape=\u00a0\u00bbsquare\u00a0\u00bb color=\u00a0\u00bbblack\u00a0\u00bb c_icon=\u00a0\u00bb\u00a0\u00bb active_section=\u00a0\u00bb54&Prime; css=\u00a0\u00bb.vc_custom_1478092385639{padding-top: 10px !important;padding-bottom: 10px !important;}\u00a0\u00bb el_class=\u00a0\u00bbacc_formation\u00a0\u00bb collapsible_all=\u00a0\u00bbtrue\u00a0\u00bb][vc_tta_section i_icon_fontawesome=\u00a0\u00bbfa fa-calendar\u00a0\u00bb title=\u00a0\u00bbType de formations \u00a0\u00bb tab_id=\u00a0\u00bb1473691979108-e23bc419-2f2a\u00a0\u00bb add_icon=\u00a0\u00bbtrue\u00a0\u00bb][vc_column_text]<span style=\"color: #ffffff;\">En ligne seulement.\u00a0Possibilit\u00e9 de formations priv\u00e9.<\/span><\/p>\n<p><span style=\"color: #ffffff;\">Les formations en\u00a0groupe sont plus rare, compte tenu du succ\u00e8s de la formation en ligne.<\/span><\/p>\n<p><span style=\"color: #ffffff;\">*Si vous \u00eates plusieurs, nous pourrions planifi\u00e9 une formation en groupe.<\/span>[\/vc_column_text][\/vc_tta_section][vc_tta_section i_icon_fontawesome=\u00a0\u00bbfa fa-clock-o\u00a0\u00bb title=\u00a0\u00bbDur\u00e9e de votre compte\u00a0\u00bb tab_id=\u00a0\u00bb1473691979205-c629674f-0a03&Prime; add_icon=\u00a0\u00bbtrue\u00a0\u00bb][vc_column_text]<span style=\"color: #ffffff;\">Votre compte sera valide jusqu&rsquo;\u00e0 votre date d&rsquo;examen.(d\u00e9tails plus bas sur cette page web)<\/span>[\/vc_column_text][\/vc_tta_section][vc_tta_section i_icon_fontawesome=\u00a0\u00bbfa fa-usd\u00a0\u00bb title=\u00a0\u00bbCo\u00fbt des formations (Tx en sus)\u00a0\u00bb tab_id=\u00a0\u00bb1473692413342-2af1796d-8637&Prime; add_icon=\u00a0\u00bbtrue\u00a0\u00bb][vc_column_text]<span style=\"color: #ffffff;\">Formation de chauffage CCQ ( site seulement )= $305,\u00a0<\/span><\/p>\n<p><span style=\"color: #ffffff;\">Formation de chauffage Emploi-QC ou hors construction ( site seulement )= $1200.\u00a0<\/span><\/p>\n<p><span style=\"color: #ffff00;\">Cette formation est inclus dans le prix la correction de chaque questionnaire (quiz) afin de l&rsquo;obtention \u00a0<\/span><span style=\"color: #ffff00;\">du certificat demand\u00e9 par\u00a0Emploi-QC pour l&rsquo;admission \u00e0 leur examen.<\/span><\/p>\n<p><span style=\"color: #00ffff;\">* Payable chez moi si vous d\u00e9sirez,\u00a0je demeure dans l&rsquo;est de Montr\u00e9al. (adresse \u00e0 la demande)<\/span><\/p>\n<p><span style=\"color: #00ffff;\">** Payable plus bas dans <strong>\u00ab\u00a0inscrivez vous maintenant\u00a0\u00bb; <\/strong>par carte de cr\u00e9dit ou compte Paypal.<\/span>[\/vc_column_text][\/vc_tta_section][vc_tta_section i_icon_fontawesome=\u00a0\u00bbfa fa-sign-in\u00a0\u00bb title=\u00a0\u00bbInscrivez-vous maintenant\u00a0\u00bb tab_id=\u00a0\u00bb1473692508108-b569ebf1-77f3&Prime; add_icon=\u00a0\u00bbtrue\u00a0\u00bb][vc_raw_html]JTNDZm9ybSUyMGFjdGlvbiUzRCUyMmh0dHBzJTNBJTJGJTJGd3d3LnBheXBhbC5jb20lMkZjZ2ktYmluJTJGd2Vic2NyJTIyJTIwbWV0aG9kJTNEJTIycG9zdCUyMiUyMHRhcmdldCUzRCUyMl90b3AlMjIlM0UlMEElM0NpbnB1dCUyMHR5cGUlM0QlMjJoaWRkZW4lMjIlMjBuYW1lJTNEJTIyY21kJTIyJTIwdmFsdWUlM0QlMjJfcy14Y2xpY2slMjIlM0UlMEElM0NpbnB1dCUyMHR5cGUlM0QlMjJoaWRkZW4lMjIlMjBuYW1lJTNEJTIyaG9zdGVkX2J1dHRvbl9pZCUyMiUyMHZhbHVlJTNEJTIySDhXUk1HWkNKV0hHVyUyMiUzRSUwQSUzQ3AlM0UlM0NsYWJlbCUzRSUzQ2JyJTNFJTBBJTNDc3BhbiUyMGNsYXNzJTNEJTIyd3BjZjctZm9ybS1jb250cm9sLXdyYXAlMjB5b3VyLW5hbWUlMjIlM0UlM0NpbnB1dCUyMHR5cGUlM0QlMjJ0ZXh0JTIyJTIwbmFtZSUzRCUyMmZpcnN0X25hbWUlMjIlMjBwbGFjZWhvbGRlciUzRCUyMlByJUMzJUE5bm9tJTIyJTIwc2l6ZSUzRCUyMjQwJTIyJTIwY2xhc3MlM0QlMjJ3cGNmNy1mb3JtLWNvbnRyb2wlMjB3cGNmNy10ZXh0JTIwd3BjZjctdmFsaWRhdGVzLWFzLXJlcXVpcmVkJTIyJTIwYXJpYS1yZXF1aXJlZCUzRCUyMnRydWUlMjIlMjBhcmlhLWludmFsaWQlM0QlMjJmYWxzZSUyMiUyMHJlcXVpcmVkJTNEJTIydHJ1ZSUyMiUzRSUzQyUyRnNwYW4lM0UlMjAlM0MlMkZsYWJlbCUzRSUzQyUyRnAlM0UlMEElM0NwJTNFJTNDbGFiZWwlM0UlM0NiciUzRSUwQSUzQ3NwYW4lMjBjbGFzcyUzRCUyMndwY2Y3LWZvcm0tY29udHJvbC13cmFwJTIweW91ci1uYW1lJTIyJTNFJTNDaW5wdXQlMjB0eXBlJTNEJTIydGV4dCUyMiUyMG5hbWUlM0QlMjJsYXN0X25hbWUlMjIlMjBwbGFjZWhvbGRlciUzRCUyMk5vbSUyMiUyMHNpemUlM0QlMjI0MCUyMiUyMGNsYXNzJTNEJTIyd3BjZjctZm9ybS1jb250cm9sJTIwd3BjZjctdGV4dCUyMHdwY2Y3LXZhbGlkYXRlcy1hcy1yZXF1aXJlZCUyMiUyMGFyaWEtcmVxdWlyZWQlM0QlMjJ0cnVlJTIyJTIwYXJpYS1pbnZhbGlkJTNEJTIyZmFsc2UlMjIlMjByZXF1aXJlZCUzRCUyMnRydWUlMjIlM0UlM0MlMkZzcGFuJTNFJTIwJTNDJTJGbGFiZWwlM0UlM0MlMkZwJTNFJTBBJTNDcCUzRSUzQ2xhYmVsJTNFJTNDYnIlM0UlMEElM0NzcGFuJTIwY2xhc3MlM0QlMjJ3cGNmNy1mb3JtLWNvbnRyb2wtd3JhcCUyMHlvdXItZW1haWwlMjIlM0UlM0NpbnB1dCUyMHR5cGUlM0QlMjJlbWFpbCUyMiUyMG5hbWUlM0QlMjJlbWFpbCUyMiUyMHBsYWNlaG9sZGVyJTNEJTIyQ291cnJpZWwlMjIlMjBzaXplJTNEJTIyNDAlMjIlMjBjbGFzcyUzRCUyMndwY2Y3LWZvcm0tY29udHJvbCUyMHdwY2Y3LXRleHQlMjB3cGNmNy1lbWFpbCUyMHdwY2Y3LXZhbGlkYXRlcy1hcy1yZXF1aXJlZCUyMHdwY2Y3LXZhbGlkYXRlcy1hcy1lbWFpbCUyMiUyMGFyaWEtcmVxdWlyZWQlM0QlMjJ0cnVlJTIyJTIwYXJpYS1pbnZhbGlkJTNEJTIyZmFsc2UlMjIlMjByZXF1aXJlZCUzRCUyMnRydWUlMjIlM0UlM0MlMkZzcGFuJTNFJTIwJTNDJTJGbGFiZWwlM0UlM0MlMkZwJTNFJTBBJTNDcCUzRSUzQ2xhYmVsJTNFJTNDYnIlM0UlMEElM0NzcGFuJTIwY2xhc3MlM0QlMjJ3cGNmNy1mb3JtLWNvbnRyb2wtd3JhcCUyMFRscGhvbmUlMjIlM0UlM0NpbnB1dCUyMHR5cGUlM0QlMjJ0ZWwlMjIlMjBuYW1lJTNEJTIybmlnaHRfcGhvbmVfYSUyMiUyMHBsYWNlaG9sZGVyJTNEJTIyVCVDMyVBOWwlQzMlQTlwaG9uZSUyMiUyMHNpemUlM0QlMjI0MCUyMiUyMGNsYXNzJTNEJTIyd3BjZjctZm9ybS1jb250cm9sJTIwd3BjZjctdGV4dCUyMHdwY2Y3LXRlbCUyMHdwY2Y3LXZhbGlkYXRlcy1hcy10ZWwlMjIlMjBhcmlhLWludmFsaWQlM0QlMjJmYWxzZSUyMiUyMHJlcXVpcmVkJTNEJTIydHJ1ZSUyMiUzRSUzQyUyRnNwYW4lM0UlMjAlM0MlMkZsYWJlbCUzRSUzQyUyRnAlM0UlMEElM0NwJTNFJTNDbGFiZWwlM0UlM0NiciUzRSUwQSUzQ3NwYW4lMjBjbGFzcyUzRCUyMndwY2Y3LWZvcm0tY29udHJvbC13cmFwJTIweW91ci1zdWJqZWN0JTIyJTNFJTNDaW5wdXQlMjB0eXBlJTNEJTIydGV4dCUyMiUyMG5hbWUlM0QlMjJjaXR5JTIyJTIwcGxhY2Vob2xkZXIlM0QlMjJWaWxsZSUyMGRlJTIwciVDMyVBOXNpZGVuY2UlMjIlMjBzaXplJTNEJTIyNDAlMjIlMjBjbGFzcyUzRCUyMndwY2Y3LWZvcm0tY29udHJvbCUyMHdwY2Y3LXRleHQlMjIlMjBhcmlhLWludmFsaWQlM0QlMjJmYWxzZSUyMiUyMHJlcXVpcmVkJTNEJTIydHJ1ZSUyMiUzRSUzQyUyRnNwYW4lM0UlM0MlMkZsYWJlbCUzRSUzQyUyRnAlM0UlMEElM0NwJTNFJTNDc3BhbiUyMGNsYXNzJTNEJTIyd3BjZjctZm9ybS1jb250cm9sLXdyYXAlMjBGb3JtYXRpb24lMjIlM0UlMEElM0NpbnB1dCUyMHR5cGUlM0QlMjJoaWRkZW4lMjIlMjBuYW1lJTNEJTIyb24wJTIyJTIwdmFsdWUlM0QlMjJUYXJpZnMlMjBkZXMlMjBvcHRpb25zJTIwZGVzJTIwZm9ybWF0aW9ucyUyMiUzRSUzQyUyRnNwYW4lM0UlMEElM0NzZWxlY3QlMjBuYW1lJTNEJTIyb3MwJTIyJTNFJTBBJTNDb3B0aW9uJTIwdmFsdWUlM0QlMjJjaGF1ZmZhZ2UlMjAlMjglMjBzaXRlJTIwc2V1bGVtZW50JTIwJTI5JTIyJTNFY2hhdWZmYWdlJTIwJTI4JTIwc2l0ZSUyMHNldWxlbWVudCUyMCUyOSUyMCUyNDMwNSUyQzAwJTIwQ0FEJTNDJTJGb3B0aW9uJTNFJTBBJTNDb3B0aW9uJTIwdmFsdWUlM0QlMjJGb3JtYXRpb24lMjBwcml2ZSUyMDNoJTIyJTNFRm9ybWF0aW9uJTIwcHJpdiVDMyVBOSUyMDNoJTIwJTI0ODUwJTJDMDAlMjBDQUQlM0MlMkZvcHRpb24lM0UlMEElM0NvcHRpb24lMjB2YWx1ZSUzRCUyMkZvcm1hdGlvbiUyMHByaXZlJTIwNmglMjIlM0VGb3JtYXRpb24lMjBwcml2JUMzJUE5JTIwNmglMjAlMjQxMjAwJTJDMDAlMjBDQUQlM0MlMkZvcHRpb24lM0UlMEElM0NvcHRpb24lMjB2YWx1ZSUzRCUyMmNoYXVmZmFnZSUyMGhvcnMtY29uc3RydWN0aW9uJTIyJTNFY2hhdWZmYWdlJTIwaG9ycy1jb25zdHJ1Y3Rpb24lMjAlMjQxMjAwJTJDMDAlMjBDQUQlM0MlMkZvcHRpb24lM0UlMEElM0MlMkZzZWxlY3QlM0UlMEElM0MlMkZwJTNFJTBBJTNDcCUzRSUwQSUzQ2lucHV0JTIwdHlwZSUzRCUyMmhpZGRlbiUyMiUyMG5hbWUlM0QlMjJjdXJyZW5jeV9jb2RlJTIyJTIwdmFsdWUlM0QlMjJDQUQlMjIlM0UlMEElM0NpbnB1dCUyMHR5cGUlM0QlMjJzdWJtaXQlMjIlMjB2YWx1ZSUzRCUyMkFjaGV0ZXIlMjBsYSUyMGZvcm1hdGlvbiUyMiUyMGNsYXNzJTNEJTIyd3BjZjctZm9ybS1jb250cm9sJTIwd3BjZjctc3VibWl0JTIyJTNFJTBBJTNDaW1nJTIwc3R5bGUlM0QlMjJtYXJnaW4tdG9wJTNBJTIwMTBweCUyMWltcG9ydGFudCUzQiUyMiUyMHdpZHRoJTNEMjAwJTIwc3JjJTNEJTIyaHR0cHMlM0ElMkYlMkZ3d3cucGF5cGFsb2JqZWN0cy5jb20lMkZ3ZWJzdGF0aWMlMkZta3RnJTJGbG9nbyUyRkFNX21jX3ZzX2RjX2FlLmpwZyUyMiUyMGJvcmRlciUzRCUyMjAlMjIlMjBhbHQlM0QlMjJQYXlQYWwlMjBBY2NlcHRhbmNlJTIwTWFyayUyMiUzRSUwQSUzQyUyMS0tJTNDaW1nJTIwYWx0JTNEJTIyJTIyJTIwYm9yZGVyJTNEJTIyMCUyMiUyMHNyYyUzRCUyMmh0dHBzJTNBJTJGJTJGd3d3LnBheXBhbG9iamVjdHMuY29tJTJGZnJfQ0ElMkZpJTJGYnRuJTJGYnRuX3BheW5vd0NDX0xHLmdpZiUyMiUyMHdpZHRoJTNEJTIyMSUyMiUyMGhlaWdodCUzRCUyMjElMjIlM0UtLSUzRSUwQSUzQyUyRnAlM0UlMEElM0NpbnB1dCUyMHR5cGUlM0QlMjJoaWRkZW4lMjIlMjBuYW1lJTNEJTIybm90aWZ5X3VybCUyMiUyMHZhbHVlJTNEJTIyaHR0cHMlM0ElMkYlMkZ3d3cuZm9ybWF0aW9uLXBsb21iZXJpZS1jaGF1ZmZhZ2UuY29tJTJGJTNGQW5nZWxsRVlFX1BheXBhbF9JcG5fRm9yX1dvcmRwcmVzcyUyNmFjdGlvbiUzRGlwbl9oYW5kbGVyJTIyJTNFJTBBJTNDJTJGZm9ybSUzRQ==[\/vc_raw_html][\/vc_tta_section][\/vc_tta_accordion][\/vc_column][\/vc_row][vc_row][vc_column]<hr class=\"line-spacer  \"\/>[\/vc_column][\/vc_row][vc_row][vc_column width=\u00a0\u00bb1\/2&Prime;][vc_custom_heading text=\u00a0\u00bbContenus de la formation\u00a0\u00bb font_container=\u00a0\u00bbtag:h2|font_size:24|text_align:left|color:%2321282e\u00a0\u00bb use_theme_fonts=\u00a0\u00bbyes\u00a0\u00bb][vc_column_text]3 diff\u00e9rents outils\u00a0<span>p\u00e9dagogiques<\/span>\u00a0: <strong>Vid\u00e9o, Quiz et documents.<\/strong><\/p>\n<p>Dans <strong>vid\u00e9o:\u00a0<\/strong> <span>pour vous aider \u00e0 comprendre les concepts trigonom\u00e9triques des math\u00e9matiques et les principes de base du chauffage.<\/span><\/p>\n<p>Dans <strong>Quiz :\u00a0<\/strong><span>notre plateforme propose des Quiz interactifs de 25 questions chacun, avec des r\u00e9sultats en pourcentage pour vous permettre de mesurer votre progr\u00e8s tout au long de votre parcours de formation.<\/span><\/p>\n<p>Dans <strong>documents: <\/strong><span>\u00a0documents de r\u00e9f\u00e9rence, tels que des cahiers d&rsquo;exercices et des corrig\u00e9s de math\u00e9matiques, ainsi que des liens Internet pertinents pour compl\u00e9ter votre apprentissage.<\/span><\/p>\n<p>* As-tu le <strong>code de chauffage<\/strong> ? Suite \u00e0 l&rsquo;achat de la formation,\u00a0je pourrais t\u2019en passer un. *Certaines conditions s&rsquo;appliquent.[\/vc_column_text][\/vc_column][vc_column width=\u00a0\u00bb1\/2&Prime;][vc_custom_heading text=\u00a0\u00bbExplication du site\u00a0\u00bb font_container=\u00a0\u00bbtag:h2|font_size:24|text_align:left|color:%2321282e\u00a0\u00bb use_theme_fonts=\u00a0\u00bbyes\u00a0\u00bb][vc_video link=\u00a0\u00bbhttps:\/\/vimeo.com\/194616001\/e11294b714&Prime;][\/vc_column][\/vc_row][vc_row][vc_column]<hr class=\"line-spacer  \"\/>[\/vc_column][\/vc_row][vc_row][vc_column width=\u00a0\u00bb1\/2&Prime;][vc_custom_heading text=\u00a0\u00bbInscrire votre date d&rsquo;examen\u00a0\u00bb font_container=\u00a0\u00bbtag:h2|font_size:24|text_align:left|color:%2321282e\u00a0\u00bb use_theme_fonts=\u00a0\u00bbyes\u00a0\u00bb][vc_column_text]<span>\u00ab\u00a0Nous voulons vous aider \u00e0 rester sur la bonne voie pour r\u00e9ussir votre examen. C&rsquo;est pourquoi nous offrons une p\u00e9riode de <strong>2 mois<\/strong> pour que vous puissiez inscrire votre date d&rsquo;examen dans votre compte sur notre site web, ce qui vous \u00e9vite toute procrastination. <\/span><\/p>\n<p><span>Si vous ne l&rsquo;avez pas fait dans les 2 mois, votre compte sera temporairement ferm\u00e9 pour vous inciter \u00e0 vous procurer votre date et la communiquer par un message. <\/span><\/p>\n<p><span>Pour inscrire votre date, il vous suffit de vous connecter \u00e0 votre compte, de cliquer sur \u00ab\u00a0Mon compte\u00a0\u00bb, d&rsquo;aller en bas dans le champ \u00ab\u00a0Date d&rsquo;examen\u00a0\u00bb, de s\u00e9lectionner la date sur le calendrier et de cliquer sur \u00ab\u00a0Mettre \u00e0 jour\u00a0\u00bb. Votre compte restera valide pendant 6 mois ou jusqu&rsquo;\u00e0 la date de votre examen.\u00a0\u00bb<\/span>[\/vc_column_text][\/vc_column][vc_column width=\u00a0\u00bb1\/2&Prime;][vc_custom_heading text=\u00a0\u00bbConditions d&rsquo;utilisation\u00a0\u00bb font_container=\u00a0\u00bbtag:h2|font_size:24|text_align:left|color:%2321282e\u00a0\u00bb use_theme_fonts=\u00a0\u00bbyes\u00a0\u00bb][vc_column_text]<strong>3 adresse ip :<\/strong>\u00ab\u00a0Pour des raisons de s\u00e9curit\u00e9 et de limitation, nous autorisons l&rsquo;utilisation de seulement 3 adresses IP diff\u00e9rentes pour acc\u00e9der \u00e0 votre compte (via ordinateurs, tablettes ou mobiles). Si une quatri\u00e8me adresse IP se connecte \u00e0 votre compte, l&rsquo;acc\u00e8s sera automatiquement coup\u00e9 et nous serons alert\u00e9s de la provenance de la connexion. Cette mesure de s\u00e9curit\u00e9 permet de prot\u00e9ger votre compte et vos informations personnelles.\u00a0\u00bb<\/p>\n<p><strong>Suite \u00e0 votre paiement, voici les \u00e9tapes pour vous connecter au site\u00a0:<\/strong><\/p>\n<p>(*tout ce descriptif ci-dessous est\u00a0dans \u00ab\u00a0<strong>la vid\u00e9o d&rsquo;explication du site\u00a0\u00bb\u00a0<\/strong>)<\/p>\n<p>1-V\u00e9rifiez votre bo\u00eete de r\u00e9ception et cherchez l&rsquo;e-mail de confirmation que nous avons envoy\u00e9. Il peut arriver qu&rsquo;il se retrouve dans vos courriers ind\u00e9sirables ou spams.<\/p>\n<p>2- Pour vous connecter, vous devez utilisez votre adresse e-mail comme identifiant et suivez le lien en bleu pour configurer votre mot de passe. Vous serez redirig\u00e9 vers une page o\u00f9 vous pourrez choisir votre propre mot de passe d&rsquo;au moins 6 caract\u00e8res.<span class=\"Apple-converted-space\">\u00a0<\/span><\/p>\n<p>3- en-dessous, cliquez sur \u00ab\u00a0retour sur le site de formation\u00a0\u00bb et<span class=\"Apple-converted-space\">\u00a0v<\/span>ous serez redirig\u00e9(e) vers notre site.<span class=\"Apple-converted-space\">\u00a0<\/span>En haut \u00e0 droite de la page, cliquez sur \u00ab\u00a0Se connecter\u00a0\u00bb et saisissez votre identifiant et votre mot de passe que vous avez choisi.<\/p>\n<p>4- Vous arriverez dans votre compte par d\u00e9faut o\u00f9 vous pourrez inscrire votre date d&rsquo;examen si vous en avez une. Si ce n&rsquo;est pas le cas, ne vous inqui\u00e9tez pas, cliquez sur \u00ab\u00a0Aller sur le site\u00a0\u00bb en haut de la page, puis acc\u00e9dez \u00e0 votre formation et commencez \u00e0 \u00e9tudier en cliquant sur \u00ab\u00a0le nom de votre formation\u00a0\u00bb. Cependant, nous vous recommandons de lire attentivement la section \u00ab\u00a0Inscrivez votre date d&rsquo;examen\u00a0\u00bb.[\/vc_column_text][\/vc_column][\/vc_row][vc_row][vc_column][vc_empty_space][\/vc_column][\/vc_row]<\/p>\n","protected":false},"excerpt":{"rendered":"<p>[vc_row newlayout=\u00a0\u00bbFixed\u00a0\u00bb css=\u00a0\u00bb.vc_custom_1431950802762{margin-bottom: 0px !important;}\u00a0\u00bb][vc_column width=\u00a0\u00bb1\/2&Prime;][vc_custom_heading text=\u00a0\u00bbUn taux de r\u00e9ussite de 93%\u00a0\u00bb font_container=\u00a0\u00bbtag:h2|font_size:32|text_align:left|color:%233088cd\u00a0\u00bb use_theme_fonts=\u00a0\u00bbyes\u00a0\u00bb][vc_column_text] Voir tous les t\u00e9moignages [\/vc_column_text][\/vc_column][vc_column width=\u00a0\u00bb1\/2&Prime;][vc_tta_accordion style=\u00a0\u00bbflat\u00a0\u00bb shape=\u00a0\u00bbsquare\u00a0\u00bb color=\u00a0\u00bbblack\u00a0\u00bb c_icon=\u00a0\u00bb\u00a0\u00bb active_section=\u00a0\u00bb54&Prime; css=\u00a0\u00bb.vc_custom_1478092385639{padding-top: 10px !important;padding-bottom: 10px !important;}\u00a0\u00bb el_class=\u00a0\u00bbacc_formation\u00a0\u00bb collapsible_all=\u00a0\u00bbtrue\u00a0\u00bb][vc_tta_section i_icon_fontawesome=\u00a0\u00bbfa fa-calendar\u00a0\u00bb title=\u00a0\u00bbType de formations \u00a0\u00bb tab_id=\u00a0\u00bb1473691979108-e23bc419-2f2a\u00a0\u00bb add_icon=\u00a0\u00bbtrue\u00a0\u00bb][vc_column_text]En ligne seulement.\u00a0Possibilit\u00e9 de formations priv\u00e9. Les formations en\u00a0groupe sont plus rare, compte tenu du succ\u00e8s [&hellip;]<\/p>\n","protected":false},"author":1,"featured_media":428,"parent":0,"menu_order":0,"comment_status":"open","ping_status":"closed","template":"page.php","meta":{"footnotes":""},"class_list":["post-424","page","type-page","status-publish","has-post-thumbnail","hentry"],"_links":{"self":[{"href":"https:\/\/www.formation-plomberie-chauffage.com\/index.php?rest_route=\/wp\/v2\/pages\/424","targetHints":{"allow":["GET"]}}],"collection":[{"href":"https:\/\/www.formation-plomberie-chauffage.com\/index.php?rest_route=\/wp\/v2\/pages"}],"about":[{"href":"https:\/\/www.formation-plomberie-chauffage.com\/index.php?rest_route=\/wp\/v2\/types\/page"}],"author":[{"embeddable":true,"href":"https:\/\/www.formation-plomberie-chauffage.com\/index.php?rest_route=\/wp\/v2\/users\/1"}],"replies":[{"embeddable":true,"href":"https:\/\/www.formation-plomberie-chauffage.com\/index.php?rest_route=%2Fwp%2Fv2%2Fcomments&post=424"}],"version-history":[{"count":120,"href":"https:\/\/www.formation-plomberie-chauffage.com\/index.php?rest_route=\/wp\/v2\/pages\/424\/revisions"}],"predecessor-version":[{"id":11519,"href":"https:\/\/www.formation-plomberie-chauffage.com\/index.php?rest_route=\/wp\/v2\/pages\/424\/revisions\/11519"}],"wp:featuredmedia":[{"embeddable":true,"href":"https:\/\/www.formation-plomberie-chauffage.com\/index.php?rest_route=\/wp\/v2\/media\/428"}],"wp:attachment":[{"href":"https:\/\/www.formation-plomberie-chauffage.com\/index.php?rest_route=%2Fwp%2Fv2%2Fmedia&parent=424"}],"curies":[{"name":"wp","href":"https:\/\/api.w.org\/{rel}","templated":true}]}}