{"id":193,"date":"2015-05-19T13:15:50","date_gmt":"2015-05-19T13:15:50","guid":{"rendered":"http:\/\/construct.weblusive-themes.com\/?page_id=193"},"modified":"2024-05-14T10:30:50","modified_gmt":"2024-05-14T14:30:50","slug":"homepage-4","status":"publish","type":"page","link":"https:\/\/www.formation-plomberie-chauffage.com\/?page_id=193","title":{"rendered":"T\u00e9moignages"},"content":{"rendered":"<p>[vc_row][vc_column][vc_empty_space height=\u00a0\u00bb42px\u00a0\u00bb][\/vc_column][\/vc_row][vc_row][vc_column][vc_custom_heading text=\u00a0\u00bbIls m&rsquo;ont fait confiance et ils ont r\u00e9ussi!\u00a0\u00bb font_container=\u00a0\u00bbtag:h2|text_align:left|color:%23337ab7&Prime; use_theme_fonts=\u00a0\u00bbyes\u00a0\u00bb el_class=\u00a0\u00bbcontainer\u00a0\u00bb css=\u00a0\u00bb.vc_custom_1473780345032{padding-bottom: 50px !important;}\u00a0\u00bb][\/vc_column][\/vc_row][vc_row gap=\u00a0\u00bb20&Prime; newlayout=\u00a0\u00bbFixed\u00a0\u00bb][vc_column width=\u00a0\u00bb1\/2&Prime;][vc_column_text]\u00a0\u00bbGr\u00e2ce \u00e0 ce site de formation, j&rsquo;ai pu r\u00e9ussir l&rsquo;examen 15.5 de la CMMTQ et les 3 de la RBQ.\u00a0 Je vous conseil ce site \u00e0 tous les entrepreneurs en devenir !\u00a0\u00bb &#8211; St\u00e9phanie B., 2024-03-15<\/p>\n<p><span>\u00ab\u00a0J&rsquo;ai suivi la formation en ligne sur ce site web pour me pr\u00e9parer \u00e0 l&rsquo;examen d&rsquo;Emploi-Qu\u00e9bec et j&rsquo;ai r\u00e9ussi avec brio ! Les vid\u00e9os explicatives sont tr\u00e8s utiles et les quiz m&rsquo;ont permis de tester mes connaissances.\u00a0c&rsquo;est la seule place que j&rsquo;ai trouver, soit, ce site\u00a0qui m&rsquo;a pr\u00e9parer \u00e0 l&rsquo;examen d&rsquo;Emploi-Qu\u00e9bec.\u00a0\u00bb &#8211; David G., 2023-08-01<\/span><\/p>\n<p><span>-\u00ab\u00a0Ce site de formation m&rsquo;a permis de r\u00e9ussir l&rsquo;examen de la CCQ avec succ\u00e8s. Les cours sont bien con\u00e7us et les exercices pratiques m&rsquo;ont permis de tester mes connaissances. Je vous propose ce site \u00e0 tous ceux qui souhaitent se pr\u00e9parer \u00e0 l&rsquo;examen de la CCQ.\u00a0\u00bb &#8211; Marie-\u00c8ve T., 2023-07-15<\/span><\/p>\n<p><span>-\u00ab\u00a0Je suis tr\u00e8s satisfait de la formation en ligne que j&rsquo;ai suivie sur ce site web. Les cours sont complets et les exercices pratiques m&rsquo;ont permis de mettre en application mes connaissances. J&rsquo;ai r\u00e9ussi l&rsquo;examen de la CMMTQ d\u00e8s ma premi\u00e8re tentative !\u00a0\u00bb &#8211; Fran\u00e7ois L., 2023-06-01<\/span><\/p>\n<p><span class=\"animate-in fade-in-25 duration-700\">-\u00ab\u00a0<\/span><span class=\"animate-in fade-in-25 duration-700\">Gr\u00e2ce \u00e0 ce site<\/span><span class=\"animate-in fade-in-25 duration-700\"><span>\u00a0<\/span>de formation<\/span><span class=\"animate-in fade-in-25 duration-700\">, j&rsquo;ai pu me pr\u00e9<\/span><span class=\"animate-in fade-in-25 duration-700\">parer efficacement \u00e0<\/span><span class=\"animate-in fade-in-25 duration-700\"><span>\u00a0<\/span>l&rsquo;examen d&rsquo;Emploi-Qu\u00e9bec<\/span><span class=\"animate-in fade-in-25 duration-700\">. Les cours sont<\/span><span class=\"animate-in fade-in-25 duration-700\"><span>\u00a0<\/span>bien organis<\/span><span class=\"animate-in fade-in-25 duration-700\">\u00e9s et les exerc<\/span><span class=\"animate-in fade-in-25 duration-700\">ices pratiques m<\/span><span class=\"animate-in fade-in-25 duration-700\">&lsquo;ont permis de<\/span><span class=\"animate-in fade-in-25 duration-700\"><span>\u00a0<\/span>mettre en application<\/span><span class=\"animate-in fade-in-25 duration-700\"><span>\u00a0<\/span>mes connaissances. Je<\/span><span class=\"animate-in fade-in-25 duration-700\"><span>\u00a0<\/span>recommande ce<\/span><span class=\"animate-in fade-in-25 duration-700\"><span>\u00a0<\/span>site \u00e0 tous ce<\/span><span class=\"animate-in fade-in-25 duration-700\">ux qui souhaitent r\u00e9<\/span><span class=\"animate-in fade-in-25 duration-700\">ussir l&rsquo;examen d<\/span><span class=\"animate-in fade-in-25 duration-700\">&lsquo;Emploi-Qu\u00e9bec.\u00a0\u00bb &#8211; Marc<\/span><span class=\"animate-in fade-in-25 duration-700\">-Andr\u00e9 D., 2023-05-15<\/span><\/p>\n<p><span class=\"animate-in fade-in-25 duration-700\">&#8211; J&rsquo;ai suivi la<\/span><span class=\"animate-in fade-in-25 duration-700\"><span>\u00a0<\/span>formation en<\/span><span class=\"animate-in fade-in-25 duration-700\"><span>\u00a0<\/span>ligne sur ce<\/span><span class=\"animate-in fade-in-25 duration-700\"><span>\u00a0<\/span>site web pour<\/span><span class=\"animate-in fade-in-25 duration-700\"><span>\u00a0<\/span>me pr\u00e9parer \u00e0<\/span><span class=\"animate-in fade-in-25 duration-700\"><span>\u00a0<\/span>l&rsquo;examen de la<\/span><span class=\"animate-in fade-in-25 duration-700\"><span>\u00a0<\/span>CCQ et j&rsquo;ai r\u00e9<\/span><span class=\"animate-in fade-in-25 duration-700\">ussi avec succ<\/span><span class=\"animate-in fade-in-25 duration-700\">\u00e8s ! Les vid\u00e9os ex<\/span><span class=\"animate-in fade-in-25 duration-700\">plicatives sont<\/span><span class=\"animate-in fade-in-25 duration-700\"><span>\u00a0<\/span>tr\u00e8s utiles et<\/span><span class=\"animate-in fade-in-25 duration-700\"><span>\u00a0<\/span>les quiz m&rsquo;ont perm<\/span><span class=\"animate-in fade-in-25 duration-700\">is de tester mes<\/span><span class=\"animate-in fade-in-25 duration-700\"><span>\u00a0<\/span>connaissances. Je<\/span><span class=\"animate-in fade-in-25 duration-700\"><span>\u00a0<\/span>recommande v<\/span><span class=\"animate-in fade-in-25 duration-700\">ivement ce site<\/span><span class=\"animate-in fade-in-25 duration-700\"><span>\u00a0<\/span>\u00e0 tous ceux qui<\/span><span class=\"animate-in fade-in-25 duration-700\"><span>\u00a0<\/span>souhaitent se<\/span><span class=\"animate-in fade-in-25 duration-700\"><span>\u00a0<\/span>pr\u00e9parer r\u00e9ellement \u00e0 l<\/span><span class=\"animate-in fade-in-25 duration-700\">&lsquo;examen de la<\/span><span class=\"animate-in fade-in-25 duration-700\"><span>\u00a0<\/span>CCQ.\u00a0\u00bb &#8211; Sophie<\/span><span class=\"animate-in fade-in-25 duration-700\"><span>\u00a0<\/span>G., 2023-04-01<\/span><\/p>\n<p><span class=\"animate-in fade-in-25 duration-700\">-Gr\u00e2ce \u00e0 ce site<\/span><span class=\"animate-in fade-in-25 duration-700\"><span>\u00a0<\/span>de formation<\/span><span class=\"animate-in fade-in-25 duration-700\">, j&rsquo;ai pu r\u00e9ussir les 4 examens\u00a0<\/span><span class=\"animate-in fade-in-25 duration-700\">de la<\/span><span class=\"animate-in fade-in-25 duration-700\"><span>\u00a0<\/span>CMMTQ et obten<\/span><span class=\"animate-in fade-in-25 duration-700\">ir ma licence d<\/span><span class=\"animate-in fade-in-25 duration-700\">&lsquo;entrepreneur en<\/span><span class=\"animate-in fade-in-25 duration-700\"><span>\u00a0<\/span>plomberie. Les<\/span><span class=\"animate-in fade-in-25 duration-700\"><span>\u00a0<\/span>cours sont super !<\/span><span class=\"animate-in fade-in-25 duration-700\">\u00a0Je<\/span><span class=\"animate-in fade-in-25 duration-700\"><span>\u00a0<\/span>recommande ce<\/span><span class=\"animate-in fade-in-25 duration-700\"><span>\u00a0<\/span>site \u00e0 tous.<\/span><span class=\"animate-in fade-in-25 duration-700\">\u00a0&#8211; Jean<\/span><span class=\"animate-in fade-in-25 duration-700\">-Fran\u00e7ois T.,<\/span><span class=\"animate-in fade-in-25 duration-700\"><span>\u00a0<\/span>2023-03-15<\/span><\/p>\n<p>J&rsquo;ai obtenu ma licence entrepreneur. Tr\u00e8s heureux ,merci.<br \/>\nVolet plomberie etait ok.\u00a0Volet administration \u00e9tait parfait(examen le plus facile)-\u00a0Volet gestion projet \u00e9tait ok. -Volet sant\u00e9 s\u00e9curit\u00e9 \u00e9tait ok.\u00a0(A \u00e9t\u00e9 le plus difficile). &#8211;\u00a0Je garde ton num\u00e9ro, l&rsquo;an prochain je vais ajout\u00e9 chauffage \u00e0 ma licence.\u00a0Merci encore . \u00a0<strong> -Mathieu (sept. 2022)<\/strong><\/p>\n<p>Gr\u00e2ce \u00e0 Monsieur Pierre Dub\u00e9 et son super site pour \u00e9tudier je suis devenu compagnon il y \u00e0 5 ans et maintenant gr\u00e2ce encore \u00e0 son site j\u2019ai pass\u00e9 ma licence rbq et 15.5 en plomberie en m\u00eame temps sans payer une fortune et en \u00e9tudiant \u00e0 mon rythme avec des mini quizz qui aident \u00e9norm\u00e9ment \u00e0 se pr\u00e9parer pour les examens merci beaucoup et je le recommande fortement!!!!\u00a0<strong>Hugo L. (juin 2021)<\/strong><\/p>\n<p>\u00ab\u00a0Bonjour pierre, j aimerai vous dire que j ai passer mon examen tuyauteur a 95%, un gros merci gr\u00e2ce \u00e0 toi et la formation, merci et bonne journ\u00e9e.\u00a0\u00bb\u00a0<strong>Ali M. (mai 2021)<\/strong><\/p>\n<p><span>\u00ab\u00a0Bonjour Pierre, je vien de recevoir mon r\u00e9sultat pour l&rsquo;examen de plomberie, r\u00e9ussi haut la main!! La formation en ligne a \u00e9t\u00e9 d&rsquo;une grande utilit\u00e9. Merci. <strong>-Simon W. (avril 2021)<\/strong><\/span><\/p>\n<p><span>\u00ab\u00a0Allo Pierre! Je viens de recevoir mon r\u00e9sultat d&rsquo;examen de plomberie, 82% et bien satisfaite consid\u00e9rant le niveau de difficult\u00e9 de cet examen!! <\/span><span class=\"pq6dq46d tbxw36s4 knj5qynh kvgmc6g5 ditlmg2l oygrvhab nvdbi5me sf5mxxl7 gl3lb2sf hhz5lgdu\"><img loading=\"lazy\" decoding=\"async\" height=\"16\" width=\"16\" alt=\"\" referrerpolicy=\"origin-when-cross-origin\" src=\"https:\/\/static.xx.fbcdn.net\/images\/emoji.php\/v9\/tee\/2\/16\/1f601.png\" \/><\/span><span> merci!!!\u00a0\u00bb <strong>&#8211; Laurie N. (<\/strong><\/span><strong>f\u00e9vrier 2021)<\/strong><\/p>\n<p><span>\u00a0\u00bb J\u2019ai suivi votre formation en ligne seulement et j\u2019ai obtenu ma licence 15.5.\u00a0 Je vous r\u00e9f\u00e9rerai sans aucun doute car c\u2019est tr\u00e8s pratique votre formation ayant eu\u00a0un beau succ\u00e8s\u00a0en seulement 2 jours d\u2019\u00e9tude condens\u00e9. M<\/span><span>erci Pierre.<strong> -Sunny B. ( d\u00e9c. 2018 )<\/strong><\/span><\/p>\n<p>\u00ab\u00a0<span>Ton site, ta formation de la 15.5 et les quiz ont\u00a0combl\u00e9\u00a090% de mes examens. Y&rsquo;a pas grand chose que j&rsquo;avais pas vue<\/span>. <span>Sans ton cours je passais pas c&rsquo;est sur. Ton site est vraiment complet,\u00a0Merci bonne journ\u00e9e.<\/span>\u00ab\u00a0<strong>&#8211; Jean-S\u00e9bastien C. (2017)<\/strong><\/p>\n<p><span>\u00ab\u00a0Tr\u00e8s gros merci \u00e0 Pierre Dub\u00e9 pour l\u2019excellente pr\u00e9paration au examen de la CMMTQ. indispensable ! je trouve que c\u2019est un indispensable et incontournable. Gros merci 2x !\u00a0\u00bb<br \/>\n<strong>&#8211; Pierre B.(2017<\/strong><\/span><b>)<\/b><\/p>\n<p>\u00ab\u00a0Ton cour a \u00e9t\u00e9 parfait. J\u2019ai \u00e9tudier une semaine intense, c\u2019est tout. Un gros merci merci car sans vous j\u2019aurais jamais passer.\u00a0\u00bb<strong>&#8211; Kevin M.(2016)<\/strong><\/p>\n<p><span>\u00ab\u00a0Hey salut Pierre je voulais juste te dire merci pour ton cours j\u2019ai reussi mon cours 80 % et que j\u2019ai trouver que ton cours etait vraiment bon.\u00a0\u00bb<strong>&#8211; Francis B.(2016)<\/strong><\/span><\/p>\n<p>\u00ab\u00a0Tr\u00e9s bon prof. Vulgarise tr\u00e8s bien l\u00e0 o\u00f9 c\u2019est compliqu\u00e9.\u00a0\u00bb<strong>&#8211; Fred E.(2015)<\/strong><\/p>\n<p>\u00ab\u00a0J\u2019en suis la preuve merci encore! Hautement recommand\u00e9!\u00a0\u00bb<strong>&#8211; Hugo L.\u00a0(2016)<\/strong><\/p>\n<p>\u00ab\u00a0Merci pour la formation de plomberie par internet. J\u2019ai tr\u00e8s bien r\u00e9ussi mon examen m\u00eame si j\u2019\u00e9tais hors construction avec emploi-qc.\u00a0\u00bb<span><strong>&#8211; Philippe V.\u00a0(2016)<\/strong><\/span>[\/vc_column_text][\/vc_column][vc_column width=\u00a0\u00bb1\/2&Prime;][vc_column_text]\u00a0\u00bbBonjour Pierre, je tiens \u00e0 vous dire un gros merci pour votre aide. Gr\u00e2ce \u00e0 vous j&rsquo;ai r\u00e9ussi \u00e0 passer tout mes examens ! Et j&rsquo;ai enfin ma license d&rsquo;entrepreneur en plomberie !\u00a0\u00bb &#8211; Alex G. 2024-05-07<\/p>\n<p><span class=\"animate-in fade-in-25 duration-700\">-\u00ab\u00a0Malgr\u00e9 mes difficult\u00e9s avec les ordi. j&rsquo;ai pu suivre\u00a0cette formation<span>\u00a0<\/span>en ligne pour<span>\u00a0<\/span>l&rsquo;examen 15.5 de<span>\u00a0<\/span>la CMMTQ, j&rsquo;ai pu<span>\u00a0<\/span>me pr\u00e9parer efficacement et r\u00e9ussir l&rsquo;examen. Les<span>\u00a0<\/span>cours sont bien<span>\u00a0<\/span>structur\u00e9s et<span>\u00a0<\/span>les exemples concrets m&rsquo;ont aid\u00e9 \u00e0 comprendre les<span>\u00a0<\/span>concepts plus<span>\u00a0<\/span>complexes. Je<span>\u00a0<\/span>recommande.\u00a0\u00bb &#8211; Marc-Andr\u00e9 D., 2023-05-15<\/span><\/p>\n<p><span class=\"animate-in fade-in-25 duration-700\">-Les cours<\/span><span class=\"animate-in fade-in-25 duration-700\"><span>\u00a0<\/span>en ligne de ce site m&rsquo;ont perm<\/span><span class=\"animate-in fade-in-25 duration-700\">is de me pr\u00e9parer effic<\/span><span class=\"animate-in fade-in-25 duration-700\">acement pour les<\/span><span class=\"animate-in fade-in-25 duration-700\"><span>\u00a0<\/span>examens de la<\/span><span class=\"animate-in fade-in-25 duration-700\"><span>\u00a0<\/span>CMMTQ tout en<\/span><span class=\"animate-in fade-in-25 duration-700\"><span>\u00a0<\/span>continuant \u00e0<\/span><span class=\"animate-in fade-in-25 duration-700\"><span>\u00a0<\/span>travailler \u00e0<\/span><span class=\"animate-in fade-in-25 duration-700\"><span>\u00a0<\/span>temps plein. L<\/span><span class=\"animate-in fade-in-25 duration-700\">&lsquo;accessibilit\u00e9 et<\/span><span class=\"animate-in fade-in-25 duration-700\"><span>\u00a0<\/span>la flexibilit\u00e9 des<\/span><span class=\"animate-in fade-in-25 duration-700\"><span>\u00a0<\/span>cours ont \u00e9t\u00e9<\/span><span class=\"animate-in fade-in-25 duration-700\"><span>\u00a0<\/span>cruciales pour<\/span><span class=\"animate-in fade-in-25 duration-700\"><span>\u00a0<\/span>ma r\u00e9ussite.\u00a0\u00bb<strong> &#8211; Marie P. mars 2024<\/strong><\/span><\/p>\n<p>Bonjour Pierre, Juste pour te dire ma reconnaissance pour ta formation avant mon examen de plomberie que j\u2019ai r\u00e9ussi.\u00a0Super content&#8230;Merci beaucoup. <strong>-Roger T. Juin 2021.<span class=\"Apple-converted-space\">\u00a0<\/span><\/strong><\/p>\n<p><span>\u00ab\u00a0Salut pierre, juste pour te dire que j&rsquo;ai r\u00e9ussi TOUT\u00a0mes exam d&rsquo;entrepreneur (du premier coup), on se revois bient\u00f4t pour le chauffage.\u00a0\u00bb <strong>-Manuel B. (2021)<\/strong><\/span><\/p>\n<p>\u00ab\u00a0Salut Pierre, je tiens \u00e0 te remercier pour tes excellentes formations d&rsquo;entrepreneur et de chauffage , je les ai tous r\u00e9ussi du premier coup&#8230;en passant, mes 4 chum ont d\u00e9j\u00e0 fait aussi tes formation et ils te saluent&#8230;et eux aussi avaient pass\u00e9 du premier coup ! t&rsquo;As une tr\u00e8s bonne moyenne aussi sur les chantiers, une esti de grosse gang qui te connaissent lol.\u00a0\u00bb <strong>-Marc T. (2021)<\/strong><\/p>\n<p>Salut Pierre.\u00a0J\u2019ai eu le r\u00e9sultat de mon examen,\u00a0C\u2019est un succ\u00e8s gr\u00e2ce \u00e0 toi.\u00a0Merci beaucoup pour le support.\u00a0Bonne journ\u00e9e.\u00a0<strong>Bertrand T. (Juin 2021)<\/strong><\/p>\n<p>Salut pierre j\u2019ai passer toute mes examens d\u2019entrepreneur du premier coup ! merci pour tes cours en ligne c\u2019\u00e9tait parfait.<span class=\"Apple-converted-space\">\u00a0<\/span><strong>-Carl Forget \u00a0(ao\u00fbt 2020)<\/strong><\/p>\n<p>\u00ab\u00a0salut, merci ,\u00a0\u00e7a m&rsquo;a beaucoup aid\u00e9. chauffage = 88% &#8211; plomberie : 92%. on s&rsquo;voit plus tard pour entrepreneur, yahoo !\u00a0\u00bb <strong>-Luc L. (2020)<\/strong><\/p>\n<p><span>\u00ab\u00a0Bonjour M.Dub\u00e9, je voulais vous remercier pour le cours par internet sur le chauffage, cela m&rsquo;a permis de reussir l&rsquo;examen de chauffage. Les questions \u00e9taient tr\u00e8s pertinentes. Je suis entraint d&rsquo;encourager mon ami a prendre le cours par internet. Merci pour tout encore une fois.\u00a0\u00bb<\/span><strong>&#8211; J.F. Pich\u00e9 (2017)<\/strong><\/p>\n<p>\u00ab\u00a0J\u2019ai r\u00e9ussi mon examen d\u2019entrepreneur gr\u00e2ce \u00e0 toi Pierre. Tu es un tr\u00e8s bon prof!\u00a0\u00bb<strong>&#8211; Kevin F.(2016)<\/strong><\/p>\n<p>\u00ab\u00a0F\u00e9licitations pour ton aide !\u00a0\u00bb<strong>&#8211; Marc L.(2015)<\/strong><\/p>\n<p>\u00ab\u00a0J\u2019en suis un exemple moi aussi, merci encore Pierre. Je vous le recommande, y a pas mieux !\u00a0\u00bb<strong>&#8211; Andr\u00e9 L.(2015)<\/strong><\/p>\n<p>\u00ab\u00a0J\u2019ai pass\u00e9 mes examens de plomberie et chauffage compagnon il y a environ 2 mois. J\u2019ai r\u00e9ussi les 2 examens avec assez d\u2019aisance (plomberie 95% et chauffage 88%).\u00a0\u00bb<strong>&#8211; Alexandre G.(2016)<\/strong><\/p>\n<p>\u00ab\u00a088% \u00e0 l\u2019examen de chauffage, yes !\u00a0\u00bb<strong>&#8211; Gabriel O.(2016)<\/strong><\/p>\n<p><span>\u00ab\u00a0Salut Pierre, je me permet de t\u2019\u00e9crire un petit mot car j\u2019ai re\u00e7u mes r\u00e9sultats de la CCQ, j\u2019ai eu un succ\u00e8s a 84%. Je suis tr\u00e8s satisfait et je voulais t\u2019exprimer ma reconnaissance pour la qualit\u00e9 de tes cours et de ton enseignement. Il est certain que mon succ\u00e8s tient beaucoup au fait que j\u2019ai assist\u00e9 a tes cours , je ne manquerais donc pas de le faire savoir au plus grand nombre.\u00a0<\/span><span>Merci aussi pour ta disponibilit\u00e9s et ta gentillesse.\u00a0\u00bb<strong>&#8211; Guillaume A.(2015)<\/strong><\/span>[\/vc_column_text][\/vc_column][\/vc_row]<\/p>\n","protected":false},"excerpt":{"rendered":"<p>[vc_row][vc_column][vc_empty_space height=\u00a0\u00bb42px\u00a0\u00bb][\/vc_column][\/vc_row][vc_row][vc_column][vc_custom_heading text=\u00a0\u00bbIls m&rsquo;ont fait confiance et ils ont r\u00e9ussi!\u00a0\u00bb font_container=\u00a0\u00bbtag:h2|text_align:left|color:%23337ab7&Prime; use_theme_fonts=\u00a0\u00bbyes\u00a0\u00bb el_class=\u00a0\u00bbcontainer\u00a0\u00bb css=\u00a0\u00bb.vc_custom_1473780345032{padding-bottom: 50px !important;}\u00a0\u00bb][\/vc_column][\/vc_row][vc_row gap=\u00a0\u00bb20&Prime; newlayout=\u00a0\u00bbFixed\u00a0\u00bb][vc_column width=\u00a0\u00bb1\/2&Prime;][vc_column_text]\u00a0\u00bbGr\u00e2ce \u00e0 ce site de formation, j&rsquo;ai pu r\u00e9ussir l&rsquo;examen 15.5 de la CMMTQ et les 3 de la RBQ.\u00a0 Je vous conseil ce site \u00e0 tous les entrepreneurs en devenir !\u00a0\u00bb &#8211; St\u00e9phanie B., 2024-03-15 \u00ab\u00a0J&rsquo;ai [&hellip;]<\/p>\n","protected":false},"author":1,"featured_media":0,"parent":0,"menu_order":0,"comment_status":"open","ping_status":"open","template":"homepage-template.php","meta":{"footnotes":""},"class_list":["post-193","page","type-page","status-publish","hentry"],"_links":{"self":[{"href":"https:\/\/www.formation-plomberie-chauffage.com\/index.php?rest_route=\/wp\/v2\/pages\/193","targetHints":{"allow":["GET"]}}],"collection":[{"href":"https:\/\/www.formation-plomberie-chauffage.com\/index.php?rest_route=\/wp\/v2\/pages"}],"about":[{"href":"https:\/\/www.formation-plomberie-chauffage.com\/index.php?rest_route=\/wp\/v2\/types\/page"}],"author":[{"embeddable":true,"href":"https:\/\/www.formation-plomberie-chauffage.com\/index.php?rest_route=\/wp\/v2\/users\/1"}],"replies":[{"embeddable":true,"href":"https:\/\/www.formation-plomberie-chauffage.com\/index.php?rest_route=%2Fwp%2Fv2%2Fcomments&post=193"}],"version-history":[{"count":39,"href":"https:\/\/www.formation-plomberie-chauffage.com\/index.php?rest_route=\/wp\/v2\/pages\/193\/revisions"}],"predecessor-version":[{"id":10093,"href":"https:\/\/www.formation-plomberie-chauffage.com\/index.php?rest_route=\/wp\/v2\/pages\/193\/revisions\/10093"}],"wp:attachment":[{"href":"https:\/\/www.formation-plomberie-chauffage.com\/index.php?rest_route=%2Fwp%2Fv2%2Fmedia&parent=193"}],"curies":[{"name":"wp","href":"https:\/\/api.w.org\/{rel}","templated":true}]}}